{"id":1809,"date":"2025-12-23T13:59:13","date_gmt":"2025-12-23T13:59:13","guid":{"rendered":"http:\/\/iaenhyx.cluster100.hosting.ovh.net\/?page_id=1809"},"modified":"2026-02-06T16:20:45","modified_gmt":"2026-02-06T16:20:45","slug":"politique-de-confidentialite","status":"publish","type":"page","link":"https:\/\/nc-fitness-coach.fr\/index.php\/politique-de-confidentialite\/","title":{"rendered":"Politique de confidentialit\u00e9"},"content":{"rendered":"<p>[et_pb_section fb_built=\u00a0\u00bb1&Prime; _builder_version=\u00a0\u00bb4.27.5&Prime; _module_preset=\u00a0\u00bbdefault\u00a0\u00bb global_colors_info=\u00a0\u00bb{}\u00a0\u00bb][et_pb_row _builder_version=\u00a0\u00bb4.27.5&Prime; _module_preset=\u00a0\u00bbdefault\u00a0\u00bb custom_margin=\u00a0\u00bb|auto||196px||\u00a0\u00bb global_colors_info=\u00a0\u00bb{}\u00a0\u00bb][et_pb_column type=\u00a0\u00bb4_4&Prime; _builder_version=\u00a0\u00bb4.27.5&Prime; _module_preset=\u00a0\u00bbdefault\u00a0\u00bb global_colors_info=\u00a0\u00bb{}\u00a0\u00bb][et_pb_text _builder_version=\u00a0\u00bb4.27.5&Prime; _module_preset=\u00a0\u00bbdefault\u00a0\u00bb global_colors_info=\u00a0\u00bb{}\u00a0\u00bb]<\/p>\n<h3 style=\"text-align: justify;\"><strong>Politique de confidentialit\u00e9<\/strong><\/h3>\n<p><strong><\/strong><\/p>\n<div style=\"text-align: justify;\">Lorsque vous naviguez sur notre site que vous nous contactez via nos formulaires de contacts, vous nous confiez des informations vous concernant.<\/p>\n<p>L\u2019objectif de la pr\u00e9sente Politique de protection des donn\u00e9es personnelles est de vous aider \u00e0 comprendre quelles donn\u00e9es nous collectons, les raisons pour lesquelles nous les collectons et ce que nous faisons avec ces donn\u00e9es.<\/p>\n<p><strong><span style=\"font-size: 14px;\">TYPE DE DONN\u00c9ES R\u00c9COLT\u00c9ES<\/span><\/strong><\/p>\n<p>Nous collectons des \u00ab donn\u00e9es personnelles \u00bb telles que nom, pr\u00e9nom, adresse mail, num\u00e9ro de t\u00e9l\u00e9phone, lorsque vous vous inscrivez \u00e0 notre newsletter, ou que vous remplissez une demande de contact en remplissant un formulaire d\u00e9di\u00e9. Ces \u00e9l\u00e9ments ne seront recueillis que si vous y avez pr\u00e9alablement consenti, en cochant une case pr\u00e9sente dans le formulaire et stipulant \u00ab En cochant cette case, je reconnais avoir pris connaissance de la politique de confidentialit\u00e9 des donn\u00e9es et accepte d\u2019\u00eatre recontact\u00e9\/e par NC Fitness Coach. Le d\u00e9p\u00f4t de ces donn\u00e9es personnelles ne se fera que si vous y avez pr\u00e9alablement consenti, en cochant la case pr\u00e9vue dans le formulaire de d\u00e9p\u00f4t et stipulant \u00ab En cochant cette case, je reconnais avoir pris connaissance de la politique de confidentialit\u00e9 des donn\u00e9es et accepte d\u2019\u00eatre recontact\u00e9\/e par NC Fitness Coach\u00bb.<\/p>\n<p>Nous collections aussi des donn\u00e9es non-personnelles qui ne permettent pas de vous identifier personnellement. Ces donn\u00e9es non personnelles incluent par exemple votre type de navigateur internet, votre syst\u00e8me d\u2019exploitation, votre adresse IP ou la dur\u00e9e de la connexion. La r\u00e9colte automatique de ces donn\u00e9es non-personnelles peut se faire par le biais de cookies (voir section utilisation des cookies).<\/p>\n<p>Ces donn\u00e9es sont conserv\u00e9es pour une p\u00e9riode maximale de 12 mois et sont ensuite supprim\u00e9es.<\/p>\n<p><strong>FINALIT\u00c9 DES DONN\u00c9ES COLLECT\u00c9ES<\/strong><\/p>\n<p>NC Fitness Coach \u00a0est susceptible de traiter tout ou une partie de vos donn\u00e9es dans le but de :<\/p>\n<p>Personnaliser votre exp\u00e9rience de navigation et r\u00e9pondre \u00e0 vos besoins individuels<\/p>\n<p>Fournir un contenu publicitaire personnalis\u00e9<\/p>\n<p>Am\u00e9liorer notre site web<\/p>\n<p>Am\u00e9liorer le service client et vos besoins de prise en charge<\/p>\n<p>NC Fitness Coach ne commercialise pas vos donn\u00e9es personnelles qui sont donc uniquement utilis\u00e9es par n\u00e9cessit\u00e9 ou \u00e0 des fins statistiques, d\u2019analyses ou marketing.<\/p>\n<p><strong>DROIT D\u2019ACC\u00c8S, DE RECTIFICATION ET D\u2019OPPOSITION<\/strong><\/p>\n<p>Conform\u00e9ment \u00e0 la r\u00e9glementation europ\u00e9enne en vigueur, les utilisateurs du site nc-fitness-coach.fr disposent des droits suivants :<\/p>\n<p>Droit d\u2019acc\u00e8s (article 15 RGPD) et de rectification (article 16 RGPD), de mise \u00e0 jour, de compl\u00e9tude des donn\u00e9es des utilisateurs, droit de verrouillage ou d\u2019effacement des donn\u00e9es des utilisateurs \u00e0 caract\u00e8re personnel (article 17 du RGPD), lorsqu\u2019elles sont inexactes, incompl\u00e8tes, \u00e9quivoques, p\u00e9rim\u00e9es, ou dont la collecte, l\u2019utilisation, la communication ou la conservation est interdite.<\/p>\n<p>Droit de retirer \u00e0 tout moment un consentement (article 13-2c RGPD)<\/p>\n<p>Droit \u00e0 la limitation du traitement des donn\u00e9es des utilisateurs (article 18 RGPD)<\/p>\n<p>Droit d\u2019opposition au traitement des donn\u00e9es des utilisateurs (article 21 RGPD)<\/p>\n<p>Droit \u00e0 la portabilit\u00e9 des donn\u00e9es que les utilisateurs auront fournies, lorsque ces donn\u00e9es font l\u2019objet de traitements automatis\u00e9s fond\u00e9s sur leur consentement ou sur un contrat (article 20 RGPD)<\/p>\n<p>Droit de d\u00e9finir le sort des donn\u00e9es des utilisateurs apr\u00e8s leur mort et de choisir \u00e0 qui NC Fitness Coach devra communiquer (ou non) ses donn\u00e9es \u00e0 un tiers qu\u2019il aura pr\u00e9alablement d\u00e9sign\u00e9.<\/p>\n<p><strong>CONTACTS POUR EXERCER SES DROITS OU S\u2019INFORMER SUR L\u2019UTILISATION DE DONN\u00c9ES PERSONNELLES<\/strong><\/p>\n<p>Si l\u2019utilisateur souhaite savoir comment NC Fitness Coach \u00a0utilise ses donn\u00e9es personnelles, demande \u00e0 les rectifier ou s\u2019oppose \u00e0 leur traitement, l\u2019utilisateur peut :<\/p>\n<p>Contacter NC Fitness Coach par \u00e9crit \u00e0 l\u2019adresse suivante :<br \/>29 rue de Chennevi\u00e8res &#8211; 95220 Herblay<\/p>\n<p>Contacter NC Fitness Coach par mail \u00e0 l\u2019adresse suivante : contact@nc-fitness-coach.fr L\u2019utilisateur doit indiquer les Donn\u00e9es Personnelles qu\u2019il souhaiterait que NC Fitness Coach corrige, mette \u00e0 jour ou supprime, en s\u2019identifiant pr\u00e9cis\u00e9ment avec une copie d\u2019une pi\u00e8ce d\u2019identit\u00e9 (carte d\u2019identit\u00e9 ou passeport).<\/p>\n<p>Les demandes de suppression de donn\u00e9es personnelles seront soumises aux obligations qui sont impos\u00e9es \u00e0 NC Fitness Coach par la loi, notamment en mati\u00e8re de conservation ou d\u2019archivage des documents. Enfin, les utilisateurs du site accommunication.fr peuvent d\u00e9poser une r\u00e9clamation aupr\u00e8s des autorit\u00e9s de contr\u00f4le, et notamment de la CNIL (<a href=\"https:\/\/www.cnil.fr\/fr\/plaintes\">https:\/\/www.cnil.fr\/fr\/plaintes<\/a>).<\/p>\n<p><strong>DESTINATAIRES DES DONN\u00c9ES<\/strong><\/p>\n<p>Nous ne vendons, n\u2019\u00e9changeons et ne transf\u00e9rons pas vos informations personnelles identifiables \u00e0 des tiers.<\/p>\n<p>Il nous arrive parfois de recourir aux services d\u2019autres entreprises ou de partenaires sous-traitants, notamment pour la r\u00e9alisation d\u2019emailings publicitaires, mais toujours avec des mesures de s\u00e9curit\u00e9 administratives, techniques et physiques afin de les prot\u00e9ger contre toute divulgation, utilisation, modification et destruction illicite par des tiers.<\/p>\n<p>Nous pensons qu\u2019il est n\u00e9cessaire de partager des informations afin d\u2019enqu\u00eater, de pr\u00e9venir ou de prendre des mesures concernant des activit\u00e9s ill\u00e9gales, fraudes pr\u00e9sum\u00e9es, situations impliquant des menaces potentielles \u00e0 la s\u00e9curit\u00e9 physique de toute personne, violations de nos conditions d\u2019utilisation, ou quand la loi nous y contraint.<\/p>\n<p>&nbsp;<\/p>\n<\/div>\n<p style=\"text-align: justify;\">\n<p style=\"text-align: justify;\">\n<p>[\/et_pb_text][\/et_pb_column][\/et_pb_row][\/et_pb_section]<\/p>\n","protected":false},"excerpt":{"rendered":"<p>Politique de confidentialit\u00e9 Lorsque vous naviguez sur notre site que vous nous contactez via nos formulaires de contacts, vous nous confiez des informations vous concernant. L\u2019objectif de la pr\u00e9sente Politique de protection des donn\u00e9es personnelles est de vous aider \u00e0 comprendre quelles donn\u00e9es nous collectons, les raisons pour lesquelles nous les collectons et ce que nous faisons avec ces donn\u00e9es. TYPE DE DONN\u00c9ES R\u00c9COLT\u00c9ES Nous collectons des \u00ab donn\u00e9es personnelles \u00bb telles que nom, pr\u00e9nom, adresse mail, num\u00e9ro de t\u00e9l\u00e9phone, lorsque vous vous inscrivez \u00e0 notre newsletter, ou que vous remplissez une demande de contact en remplissant un formulaire d\u00e9di\u00e9. Ces \u00e9l\u00e9ments ne seront recueillis que si vous y avez pr\u00e9alablement consenti, en cochant une case pr\u00e9sente dans le formulaire et stipulant \u00ab En cochant cette case, je reconnais avoir pris connaissance de la politique de confidentialit\u00e9 des donn\u00e9es et accepte d\u2019\u00eatre recontact\u00e9\/e par NC Fitness Coach. Le d\u00e9p\u00f4t de ces donn\u00e9es personnelles ne se fera que si vous y avez pr\u00e9alablement consenti, en cochant la case pr\u00e9vue dans le formulaire de d\u00e9p\u00f4t et stipulant \u00ab En cochant cette case, je reconnais avoir pris connaissance de la politique de confidentialit\u00e9 des donn\u00e9es et accepte d\u2019\u00eatre recontact\u00e9\/e par NC Fitness Coach\u00bb. [&hellip;]<\/p>\n","protected":false},"author":1,"featured_media":0,"parent":0,"menu_order":0,"comment_status":"closed","ping_status":"closed","template":"","meta":{"_et_pb_use_builder":"on","_et_pb_old_content":"","_et_gb_content_width":"","footnotes":""},"class_list":["post-1809","page","type-page","status-publish","hentry"],"yoast_head":"<!-- This site is optimized with the Yoast SEO plugin v26.9 - https:\/\/yoast.com\/product\/yoast-seo-wordpress\/ -->\n<title>Politique de confidentialit\u00e9 - NC Fitness coach<\/title>\n<meta name=\"robots\" content=\"index, follow, max-snippet:-1, max-image-preview:large, max-video-preview:-1\" \/>\n<link rel=\"canonical\" href=\"https:\/\/nc-fitness-coach.fr\/index.php\/politique-de-confidentialite\/\" \/>\n<meta property=\"og:locale\" content=\"fr_FR\" \/>\n<meta property=\"og:type\" content=\"article\" \/>\n<meta property=\"og:title\" content=\"Politique de confidentialit\u00e9 - NC Fitness coach\" \/>\n<meta property=\"og:description\" content=\"Politique de confidentialit\u00e9 Lorsque vous naviguez sur notre site que vous nous contactez via nos formulaires de contacts, vous nous confiez des informations vous concernant. L\u2019objectif de la pr\u00e9sente Politique de protection des donn\u00e9es personnelles est de vous aider \u00e0 comprendre quelles donn\u00e9es nous collectons, les raisons pour lesquelles nous les collectons et ce que nous faisons avec ces donn\u00e9es. TYPE DE DONN\u00c9ES R\u00c9COLT\u00c9ES Nous collectons des \u00ab donn\u00e9es personnelles \u00bb telles que nom, pr\u00e9nom, adresse mail, num\u00e9ro de t\u00e9l\u00e9phone, lorsque vous vous inscrivez \u00e0 notre newsletter, ou que vous remplissez une demande de contact en remplissant un formulaire d\u00e9di\u00e9. Ces \u00e9l\u00e9ments ne seront recueillis que si vous y avez pr\u00e9alablement consenti, en cochant une case pr\u00e9sente dans le formulaire et stipulant \u00ab En cochant cette case, je reconnais avoir pris connaissance de la politique de confidentialit\u00e9 des donn\u00e9es et accepte d\u2019\u00eatre recontact\u00e9\/e par NC Fitness Coach. Le d\u00e9p\u00f4t de ces donn\u00e9es personnelles ne se fera que si vous y avez pr\u00e9alablement consenti, en cochant la case pr\u00e9vue dans le formulaire de d\u00e9p\u00f4t et stipulant \u00ab En cochant cette case, je reconnais avoir pris connaissance de la politique de confidentialit\u00e9 des donn\u00e9es et accepte d\u2019\u00eatre recontact\u00e9\/e par NC Fitness Coach\u00bb. [&hellip;]\" \/>\n<meta property=\"og:url\" content=\"https:\/\/nc-fitness-coach.fr\/index.php\/politique-de-confidentialite\/\" \/>\n<meta property=\"og:site_name\" content=\"NC Fitness coach\" \/>\n<meta property=\"article:publisher\" content=\"https:\/\/www.facebook.com\/coachsportsante95?locale=fr_FR\" \/>\n<meta property=\"article:modified_time\" content=\"2026-02-06T16:20:45+00:00\" \/>\n<meta name=\"twitter:card\" content=\"summary_large_image\" \/>\n<meta name=\"twitter:label1\" content=\"Dur\u00e9e de lecture estim\u00e9e\" \/>\n\t<meta name=\"twitter:data1\" content=\"5 minutes\" \/>\n<script type=\"application\/ld+json\" class=\"yoast-schema-graph\">{\"@context\":\"https:\/\/schema.org\",\"@graph\":[{\"@type\":\"WebPage\",\"@id\":\"https:\/\/nc-fitness-coach.fr\/index.php\/politique-de-confidentialite\/\",\"url\":\"https:\/\/nc-fitness-coach.fr\/index.php\/politique-de-confidentialite\/\",\"name\":\"Politique de confidentialit\u00e9 - NC Fitness coach\",\"isPartOf\":{\"@id\":\"https:\/\/nc-fitness-coach.fr\/#website\"},\"datePublished\":\"2025-12-23T13:59:13+00:00\",\"dateModified\":\"2026-02-06T16:20:45+00:00\",\"breadcrumb\":{\"@id\":\"https:\/\/nc-fitness-coach.fr\/index.php\/politique-de-confidentialite\/#breadcrumb\"},\"inLanguage\":\"fr-FR\",\"potentialAction\":[{\"@type\":\"ReadAction\",\"target\":[\"https:\/\/nc-fitness-coach.fr\/index.php\/politique-de-confidentialite\/\"]}]},{\"@type\":\"BreadcrumbList\",\"@id\":\"https:\/\/nc-fitness-coach.fr\/index.php\/politique-de-confidentialite\/#breadcrumb\",\"itemListElement\":[{\"@type\":\"ListItem\",\"position\":1,\"name\":\"Accueil\",\"item\":\"https:\/\/nc-fitness-coach.fr\/\"},{\"@type\":\"ListItem\",\"position\":2,\"name\":\"Politique de confidentialit\u00e9\"}]},{\"@type\":\"WebSite\",\"@id\":\"https:\/\/nc-fitness-coach.fr\/#website\",\"url\":\"https:\/\/nc-fitness-coach.fr\/\",\"name\":\"NC Fitness coach\",\"description\":\"Accompagnement sur mesure\",\"publisher\":{\"@id\":\"https:\/\/nc-fitness-coach.fr\/#organization\"},\"potentialAction\":[{\"@type\":\"SearchAction\",\"target\":{\"@type\":\"EntryPoint\",\"urlTemplate\":\"https:\/\/nc-fitness-coach.fr\/?s={search_term_string}\"},\"query-input\":{\"@type\":\"PropertyValueSpecification\",\"valueRequired\":true,\"valueName\":\"search_term_string\"}}],\"inLanguage\":\"fr-FR\"},{\"@type\":\"Organization\",\"@id\":\"https:\/\/nc-fitness-coach.fr\/#organization\",\"name\":\"NC Fitness coach\",\"url\":\"https:\/\/nc-fitness-coach.fr\/\",\"logo\":{\"@type\":\"ImageObject\",\"inLanguage\":\"fr-FR\",\"@id\":\"https:\/\/nc-fitness-coach.fr\/#\/schema\/logo\/image\/\",\"url\":\"https:\/\/nc-fitness-coach.fr\/wp-content\/uploads\/2026\/02\/logo-ok-jpg.jpg\",\"contentUrl\":\"https:\/\/nc-fitness-coach.fr\/wp-content\/uploads\/2026\/02\/logo-ok-jpg.jpg\",\"width\":1600,\"height\":706,\"caption\":\"NC Fitness coach\"},\"image\":{\"@id\":\"https:\/\/nc-fitness-coach.fr\/#\/schema\/logo\/image\/\"},\"sameAs\":[\"https:\/\/www.facebook.com\/coachsportsante95?locale=fr_FR\",\"https:\/\/www.linkedin.com\/in\/nicolas-chrtien-bb889122b\/\"]}]}<\/script>\n<!-- \/ Yoast SEO plugin. -->","yoast_head_json":{"title":"Politique de confidentialit\u00e9 - NC Fitness coach","robots":{"index":"index","follow":"follow","max-snippet":"max-snippet:-1","max-image-preview":"max-image-preview:large","max-video-preview":"max-video-preview:-1"},"canonical":"https:\/\/nc-fitness-coach.fr\/index.php\/politique-de-confidentialite\/","og_locale":"fr_FR","og_type":"article","og_title":"Politique de confidentialit\u00e9 - NC Fitness coach","og_description":"Politique de confidentialit\u00e9 Lorsque vous naviguez sur notre site que vous nous contactez via nos formulaires de contacts, vous nous confiez des informations vous concernant. L\u2019objectif de la pr\u00e9sente Politique de protection des donn\u00e9es personnelles est de vous aider \u00e0 comprendre quelles donn\u00e9es nous collectons, les raisons pour lesquelles nous les collectons et ce que nous faisons avec ces donn\u00e9es. TYPE DE DONN\u00c9ES R\u00c9COLT\u00c9ES Nous collectons des \u00ab donn\u00e9es personnelles \u00bb telles que nom, pr\u00e9nom, adresse mail, num\u00e9ro de t\u00e9l\u00e9phone, lorsque vous vous inscrivez \u00e0 notre newsletter, ou que vous remplissez une demande de contact en remplissant un formulaire d\u00e9di\u00e9. Ces \u00e9l\u00e9ments ne seront recueillis que si vous y avez pr\u00e9alablement consenti, en cochant une case pr\u00e9sente dans le formulaire et stipulant \u00ab En cochant cette case, je reconnais avoir pris connaissance de la politique de confidentialit\u00e9 des donn\u00e9es et accepte d\u2019\u00eatre recontact\u00e9\/e par NC Fitness Coach. Le d\u00e9p\u00f4t de ces donn\u00e9es personnelles ne se fera que si vous y avez pr\u00e9alablement consenti, en cochant la case pr\u00e9vue dans le formulaire de d\u00e9p\u00f4t et stipulant \u00ab En cochant cette case, je reconnais avoir pris connaissance de la politique de confidentialit\u00e9 des donn\u00e9es et accepte d\u2019\u00eatre recontact\u00e9\/e par NC Fitness Coach\u00bb. [&hellip;]","og_url":"https:\/\/nc-fitness-coach.fr\/index.php\/politique-de-confidentialite\/","og_site_name":"NC Fitness coach","article_publisher":"https:\/\/www.facebook.com\/coachsportsante95?locale=fr_FR","article_modified_time":"2026-02-06T16:20:45+00:00","twitter_card":"summary_large_image","twitter_misc":{"Dur\u00e9e de lecture estim\u00e9e":"5 minutes"},"schema":{"@context":"https:\/\/schema.org","@graph":[{"@type":"WebPage","@id":"https:\/\/nc-fitness-coach.fr\/index.php\/politique-de-confidentialite\/","url":"https:\/\/nc-fitness-coach.fr\/index.php\/politique-de-confidentialite\/","name":"Politique de confidentialit\u00e9 - NC Fitness coach","isPartOf":{"@id":"https:\/\/nc-fitness-coach.fr\/#website"},"datePublished":"2025-12-23T13:59:13+00:00","dateModified":"2026-02-06T16:20:45+00:00","breadcrumb":{"@id":"https:\/\/nc-fitness-coach.fr\/index.php\/politique-de-confidentialite\/#breadcrumb"},"inLanguage":"fr-FR","potentialAction":[{"@type":"ReadAction","target":["https:\/\/nc-fitness-coach.fr\/index.php\/politique-de-confidentialite\/"]}]},{"@type":"BreadcrumbList","@id":"https:\/\/nc-fitness-coach.fr\/index.php\/politique-de-confidentialite\/#breadcrumb","itemListElement":[{"@type":"ListItem","position":1,"name":"Accueil","item":"https:\/\/nc-fitness-coach.fr\/"},{"@type":"ListItem","position":2,"name":"Politique de confidentialit\u00e9"}]},{"@type":"WebSite","@id":"https:\/\/nc-fitness-coach.fr\/#website","url":"https:\/\/nc-fitness-coach.fr\/","name":"NC Fitness coach","description":"Accompagnement sur mesure","publisher":{"@id":"https:\/\/nc-fitness-coach.fr\/#organization"},"potentialAction":[{"@type":"SearchAction","target":{"@type":"EntryPoint","urlTemplate":"https:\/\/nc-fitness-coach.fr\/?s={search_term_string}"},"query-input":{"@type":"PropertyValueSpecification","valueRequired":true,"valueName":"search_term_string"}}],"inLanguage":"fr-FR"},{"@type":"Organization","@id":"https:\/\/nc-fitness-coach.fr\/#organization","name":"NC Fitness coach","url":"https:\/\/nc-fitness-coach.fr\/","logo":{"@type":"ImageObject","inLanguage":"fr-FR","@id":"https:\/\/nc-fitness-coach.fr\/#\/schema\/logo\/image\/","url":"https:\/\/nc-fitness-coach.fr\/wp-content\/uploads\/2026\/02\/logo-ok-jpg.jpg","contentUrl":"https:\/\/nc-fitness-coach.fr\/wp-content\/uploads\/2026\/02\/logo-ok-jpg.jpg","width":1600,"height":706,"caption":"NC Fitness coach"},"image":{"@id":"https:\/\/nc-fitness-coach.fr\/#\/schema\/logo\/image\/"},"sameAs":["https:\/\/www.facebook.com\/coachsportsante95?locale=fr_FR","https:\/\/www.linkedin.com\/in\/nicolas-chrtien-bb889122b\/"]}]}},"_links":{"self":[{"href":"https:\/\/nc-fitness-coach.fr\/index.php\/wp-json\/wp\/v2\/pages\/1809","targetHints":{"allow":["GET"]}}],"collection":[{"href":"https:\/\/nc-fitness-coach.fr\/index.php\/wp-json\/wp\/v2\/pages"}],"about":[{"href":"https:\/\/nc-fitness-coach.fr\/index.php\/wp-json\/wp\/v2\/types\/page"}],"author":[{"embeddable":true,"href":"https:\/\/nc-fitness-coach.fr\/index.php\/wp-json\/wp\/v2\/users\/1"}],"replies":[{"embeddable":true,"href":"https:\/\/nc-fitness-coach.fr\/index.php\/wp-json\/wp\/v2\/comments?post=1809"}],"version-history":[{"count":4,"href":"https:\/\/nc-fitness-coach.fr\/index.php\/wp-json\/wp\/v2\/pages\/1809\/revisions"}],"predecessor-version":[{"id":1880,"href":"https:\/\/nc-fitness-coach.fr\/index.php\/wp-json\/wp\/v2\/pages\/1809\/revisions\/1880"}],"wp:attachment":[{"href":"https:\/\/nc-fitness-coach.fr\/index.php\/wp-json\/wp\/v2\/media?parent=1809"}],"curies":[{"name":"wp","href":"https:\/\/api.w.org\/{rel}","templated":true}]}}