{"id":1759,"date":"2025-12-23T10:37:34","date_gmt":"2025-12-23T10:37:34","guid":{"rendered":"http:\/\/iaenhyx.cluster100.hosting.ovh.net\/?page_id=1759"},"modified":"2026-02-09T13:33:39","modified_gmt":"2026-02-09T13:33:39","slug":"actualite","status":"publish","type":"page","link":"https:\/\/nc-fitness-coach.fr\/index.php\/actualite\/","title":{"rendered":"Actualit\u00e9"},"content":{"rendered":"\n[et_pb_section fb_built=\u00a0\u00bb1&Prime; _builder_version=\u00a0\u00bb4.27.5&Prime; _module_preset=\u00a0\u00bbdefault\u00a0\u00bb global_colors_info=\u00a0\u00bb{}\u00a0\u00bb][et_pb_row _builder_version=\u00a0\u00bb4.27.5&Prime; _module_preset=\u00a0\u00bbdefault\u00a0\u00bb global_colors_info=\u00a0\u00bb{}\u00a0\u00bb][et_pb_column type=\u00a0\u00bb4_4&Prime; _builder_version=\u00a0\u00bb4.27.5&Prime; _module_preset=\u00a0\u00bbdefault\u00a0\u00bb global_colors_info=\u00a0\u00bb{}\u00a0\u00bb][et_pb_blog fullwidth=\u00a0\u00bboff\u00a0\u00bb show_more=\u00a0\u00bbon\u00a0\u00bb show_author=\u00a0\u00bboff\u00a0\u00bb show_date=\u00a0\u00bboff\u00a0\u00bb use_overlay=\u00a0\u00bbon\u00a0\u00bb overlay_icon_color=\u00a0\u00bb#005e87&Prime; _builder_version=\u00a0\u00bb4.27.5&Prime; _module_preset=\u00a0\u00bbdefault\u00a0\u00bb header_text_color=\u00a0\u00bb#005e87&Prime; header_line_height=\u00a0\u00bb1.2em\u00a0\u00bb read_more_text_color=\u00a0\u00bb#7CB245&Prime; read_more_font_size=\u00a0\u00bb16px\u00a0\u00bb hover_enabled=\u00a0\u00bb0&Prime; border_width_all=\u00a0\u00bb0px\u00a0\u00bb global_colors_info=\u00a0\u00bb{}\u00a0\u00bb read_more_line_height=\u00a0\u00bb2.6em\u00a0\u00bb sticky_enabled=\u00a0\u00bb0&Prime;][\/et_pb_blog][\/et_pb_column][\/et_pb_row][\/et_pb_section]\n","protected":false},"excerpt":{"rendered":"","protected":false},"author":1,"featured_media":0,"parent":0,"menu_order":0,"comment_status":"closed","ping_status":"closed","template":"","meta":{"_et_pb_use_builder":"on","_et_pb_old_content":"","_et_gb_content_width":"","footnotes":""},"class_list":["post-1759","page","type-page","status-publish","hentry"],"yoast_head":"<!-- This site is optimized with the Yoast SEO plugin v26.9 - https:\/\/yoast.com\/product\/yoast-seo-wordpress\/ -->\n<title>Actualit\u00e9 - NC Fitness coach<\/title>\n<meta name=\"description\" content=\"D\u00e9couvrez toutes les actualit\u00e9s de NC Fitness Coach : conseils bien\u2011\u00eatre, nutrition, entra\u00eenements personnalis\u00e9s, astuces forme et nouveaut\u00e9s sportives.\" \/>\n<meta name=\"robots\" content=\"index, follow, max-snippet:-1, max-image-preview:large, max-video-preview:-1\" \/>\n<link rel=\"canonical\" href=\"https:\/\/nc-fitness-coach.fr\/index.php\/actualite\/\" \/>\n<meta property=\"og:locale\" content=\"fr_FR\" \/>\n<meta property=\"og:type\" content=\"article\" \/>\n<meta property=\"og:title\" content=\"Actualit\u00e9 - NC Fitness coach\" \/>\n<meta property=\"og:description\" content=\"D\u00e9couvrez toutes les actualit\u00e9s de NC Fitness Coach : conseils bien\u2011\u00eatre, nutrition, entra\u00eenements personnalis\u00e9s, astuces forme et nouveaut\u00e9s sportives.\" \/>\n<meta property=\"og:url\" content=\"https:\/\/nc-fitness-coach.fr\/index.php\/actualite\/\" \/>\n<meta property=\"og:site_name\" content=\"NC Fitness coach\" \/>\n<meta property=\"article:publisher\" content=\"https:\/\/www.facebook.com\/coachsportsante95?locale=fr_FR\" \/>\n<meta property=\"article:modified_time\" content=\"2026-02-09T13:33:39+00:00\" \/>\n<meta name=\"twitter:card\" content=\"summary_large_image\" \/>\n<meta name=\"twitter:label1\" content=\"Dur\u00e9e de lecture estim\u00e9e\" \/>\n\t<meta name=\"twitter:data1\" content=\"3 minutes\" \/>\n<script type=\"application\/ld+json\" class=\"yoast-schema-graph\">{\"@context\":\"https:\/\/schema.org\",\"@graph\":[{\"@type\":\"WebPage\",\"@id\":\"https:\/\/nc-fitness-coach.fr\/index.php\/actualite\/\",\"url\":\"https:\/\/nc-fitness-coach.fr\/index.php\/actualite\/\",\"name\":\"Actualit\u00e9 - NC Fitness coach\",\"isPartOf\":{\"@id\":\"https:\/\/nc-fitness-coach.fr\/#website\"},\"datePublished\":\"2025-12-23T10:37:34+00:00\",\"dateModified\":\"2026-02-09T13:33:39+00:00\",\"description\":\"D\u00e9couvrez toutes les actualit\u00e9s de NC Fitness Coach : conseils bien\u2011\u00eatre, nutrition, entra\u00eenements personnalis\u00e9s, astuces forme et nouveaut\u00e9s sportives.\",\"breadcrumb\":{\"@id\":\"https:\/\/nc-fitness-coach.fr\/index.php\/actualite\/#breadcrumb\"},\"inLanguage\":\"fr-FR\",\"potentialAction\":[{\"@type\":\"ReadAction\",\"target\":[\"https:\/\/nc-fitness-coach.fr\/index.php\/actualite\/\"]}]},{\"@type\":\"BreadcrumbList\",\"@id\":\"https:\/\/nc-fitness-coach.fr\/index.php\/actualite\/#breadcrumb\",\"itemListElement\":[{\"@type\":\"ListItem\",\"position\":1,\"name\":\"Accueil\",\"item\":\"https:\/\/nc-fitness-coach.fr\/\"},{\"@type\":\"ListItem\",\"position\":2,\"name\":\"Actualit\u00e9\"}]},{\"@type\":\"WebSite\",\"@id\":\"https:\/\/nc-fitness-coach.fr\/#website\",\"url\":\"https:\/\/nc-fitness-coach.fr\/\",\"name\":\"NC Fitness coach\",\"description\":\"Accompagnement sur mesure\",\"publisher\":{\"@id\":\"https:\/\/nc-fitness-coach.fr\/#organization\"},\"potentialAction\":[{\"@type\":\"SearchAction\",\"target\":{\"@type\":\"EntryPoint\",\"urlTemplate\":\"https:\/\/nc-fitness-coach.fr\/?s={search_term_string}\"},\"query-input\":{\"@type\":\"PropertyValueSpecification\",\"valueRequired\":true,\"valueName\":\"search_term_string\"}}],\"inLanguage\":\"fr-FR\"},{\"@type\":\"Organization\",\"@id\":\"https:\/\/nc-fitness-coach.fr\/#organization\",\"name\":\"NC Fitness coach\",\"url\":\"https:\/\/nc-fitness-coach.fr\/\",\"logo\":{\"@type\":\"ImageObject\",\"inLanguage\":\"fr-FR\",\"@id\":\"https:\/\/nc-fitness-coach.fr\/#\/schema\/logo\/image\/\",\"url\":\"https:\/\/nc-fitness-coach.fr\/wp-content\/uploads\/2026\/02\/logo-ok-jpg.jpg\",\"contentUrl\":\"https:\/\/nc-fitness-coach.fr\/wp-content\/uploads\/2026\/02\/logo-ok-jpg.jpg\",\"width\":1600,\"height\":706,\"caption\":\"NC Fitness coach\"},\"image\":{\"@id\":\"https:\/\/nc-fitness-coach.fr\/#\/schema\/logo\/image\/\"},\"sameAs\":[\"https:\/\/www.facebook.com\/coachsportsante95?locale=fr_FR\",\"https:\/\/www.linkedin.com\/in\/nicolas-chrtien-bb889122b\/\"]}]}<\/script>\n<!-- \/ Yoast SEO plugin. -->","yoast_head_json":{"title":"Actualit\u00e9 - NC Fitness coach","description":"D\u00e9couvrez toutes les actualit\u00e9s de NC Fitness Coach : conseils bien\u2011\u00eatre, nutrition, entra\u00eenements personnalis\u00e9s, astuces forme et nouveaut\u00e9s sportives.","robots":{"index":"index","follow":"follow","max-snippet":"max-snippet:-1","max-image-preview":"max-image-preview:large","max-video-preview":"max-video-preview:-1"},"canonical":"https:\/\/nc-fitness-coach.fr\/index.php\/actualite\/","og_locale":"fr_FR","og_type":"article","og_title":"Actualit\u00e9 - NC Fitness coach","og_description":"D\u00e9couvrez toutes les actualit\u00e9s de NC Fitness Coach : conseils bien\u2011\u00eatre, nutrition, entra\u00eenements personnalis\u00e9s, astuces forme et nouveaut\u00e9s sportives.","og_url":"https:\/\/nc-fitness-coach.fr\/index.php\/actualite\/","og_site_name":"NC Fitness coach","article_publisher":"https:\/\/www.facebook.com\/coachsportsante95?locale=fr_FR","article_modified_time":"2026-02-09T13:33:39+00:00","twitter_card":"summary_large_image","twitter_misc":{"Dur\u00e9e de lecture estim\u00e9e":"3 minutes"},"schema":{"@context":"https:\/\/schema.org","@graph":[{"@type":"WebPage","@id":"https:\/\/nc-fitness-coach.fr\/index.php\/actualite\/","url":"https:\/\/nc-fitness-coach.fr\/index.php\/actualite\/","name":"Actualit\u00e9 - NC Fitness coach","isPartOf":{"@id":"https:\/\/nc-fitness-coach.fr\/#website"},"datePublished":"2025-12-23T10:37:34+00:00","dateModified":"2026-02-09T13:33:39+00:00","description":"D\u00e9couvrez toutes les actualit\u00e9s de NC Fitness Coach : conseils bien\u2011\u00eatre, nutrition, entra\u00eenements personnalis\u00e9s, astuces forme et nouveaut\u00e9s sportives.","breadcrumb":{"@id":"https:\/\/nc-fitness-coach.fr\/index.php\/actualite\/#breadcrumb"},"inLanguage":"fr-FR","potentialAction":[{"@type":"ReadAction","target":["https:\/\/nc-fitness-coach.fr\/index.php\/actualite\/"]}]},{"@type":"BreadcrumbList","@id":"https:\/\/nc-fitness-coach.fr\/index.php\/actualite\/#breadcrumb","itemListElement":[{"@type":"ListItem","position":1,"name":"Accueil","item":"https:\/\/nc-fitness-coach.fr\/"},{"@type":"ListItem","position":2,"name":"Actualit\u00e9"}]},{"@type":"WebSite","@id":"https:\/\/nc-fitness-coach.fr\/#website","url":"https:\/\/nc-fitness-coach.fr\/","name":"NC Fitness coach","description":"Accompagnement sur mesure","publisher":{"@id":"https:\/\/nc-fitness-coach.fr\/#organization"},"potentialAction":[{"@type":"SearchAction","target":{"@type":"EntryPoint","urlTemplate":"https:\/\/nc-fitness-coach.fr\/?s={search_term_string}"},"query-input":{"@type":"PropertyValueSpecification","valueRequired":true,"valueName":"search_term_string"}}],"inLanguage":"fr-FR"},{"@type":"Organization","@id":"https:\/\/nc-fitness-coach.fr\/#organization","name":"NC Fitness coach","url":"https:\/\/nc-fitness-coach.fr\/","logo":{"@type":"ImageObject","inLanguage":"fr-FR","@id":"https:\/\/nc-fitness-coach.fr\/#\/schema\/logo\/image\/","url":"https:\/\/nc-fitness-coach.fr\/wp-content\/uploads\/2026\/02\/logo-ok-jpg.jpg","contentUrl":"https:\/\/nc-fitness-coach.fr\/wp-content\/uploads\/2026\/02\/logo-ok-jpg.jpg","width":1600,"height":706,"caption":"NC Fitness coach"},"image":{"@id":"https:\/\/nc-fitness-coach.fr\/#\/schema\/logo\/image\/"},"sameAs":["https:\/\/www.facebook.com\/coachsportsante95?locale=fr_FR","https:\/\/www.linkedin.com\/in\/nicolas-chrtien-bb889122b\/"]}]}},"_links":{"self":[{"href":"https:\/\/nc-fitness-coach.fr\/index.php\/wp-json\/wp\/v2\/pages\/1759","targetHints":{"allow":["GET"]}}],"collection":[{"href":"https:\/\/nc-fitness-coach.fr\/index.php\/wp-json\/wp\/v2\/pages"}],"about":[{"href":"https:\/\/nc-fitness-coach.fr\/index.php\/wp-json\/wp\/v2\/types\/page"}],"author":[{"embeddable":true,"href":"https:\/\/nc-fitness-coach.fr\/index.php\/wp-json\/wp\/v2\/users\/1"}],"replies":[{"embeddable":true,"href":"https:\/\/nc-fitness-coach.fr\/index.php\/wp-json\/wp\/v2\/comments?post=1759"}],"version-history":[{"count":4,"href":"https:\/\/nc-fitness-coach.fr\/index.php\/wp-json\/wp\/v2\/pages\/1759\/revisions"}],"predecessor-version":[{"id":1919,"href":"https:\/\/nc-fitness-coach.fr\/index.php\/wp-json\/wp\/v2\/pages\/1759\/revisions\/1919"}],"wp:attachment":[{"href":"https:\/\/nc-fitness-coach.fr\/index.php\/wp-json\/wp\/v2\/media?parent=1759"}],"curies":[{"name":"wp","href":"https:\/\/api.w.org\/{rel}","templated":true}]}}